{"id":7,"date":"2026-04-15T03:23:18","date_gmt":"2026-04-15T03:23:18","guid":{"rendered":"https:\/\/master4life.pro\/?page_id=7"},"modified":"2026-04-15T13:14:43","modified_gmt":"2026-04-15T13:14:43","slug":"elementor-7","status":"publish","type":"page","link":"https:\/\/master4life.pro\/es\/","title":{"rendered":"Elementor #7"},"content":{"rendered":"<div data-elementor-type=\"wp-post\" data-elementor-id=\"7\" class=\"elementor elementor-7\">\n\t\t\t\t\t\t<section class=\"elementor-section elementor-top-section elementor-element elementor-element-68e27f31 elementor-section-boxed elementor-section-height-default elementor-section-height-default\" data-id=\"68e27f31\" data-element_type=\"section\" data-e-type=\"section\" data-settings=\"{&quot;background_background&quot;:&quot;classic&quot;}\">\n\t\t\t\t\t\t<div class=\"elementor-container elementor-column-gap-default\">\n\t\t\t\t\t<div class=\"elementor-column elementor-col-60 elementor-top-column elementor-element elementor-element-1837465a\" data-id=\"1837465a\" data-element_type=\"column\" data-e-type=\"column\">\n\t\t\t<div class=\"elementor-widget-wrap elementor-element-populated\">\n\t\t\t\t\t\t<div class=\"elementor-element elementor-element-68b6967f elementor-widget elementor-widget-heading\" data-id=\"68b6967f\" data-element_type=\"widget\" data-e-type=\"widget\" data-widget_type=\"heading.default\">\n\t\t\t\t\t<h6 class=\"elementor-heading-title elementor-size-default\">THE GLOBAL LIFE MASTERY HUB<\/h6>\t\t\t\t<\/div>\n\t\t\t\t<div class=\"elementor-element elementor-element-25f81311 elementor-widget elementor-widget-heading\" data-id=\"25f81311\" data-element_type=\"widget\" data-e-type=\"widget\" data-widget_type=\"heading.default\">\n\t\t\t\t\t<h1 class=\"elementor-heading-title elementor-size-default\">Domina cada dimensi\u00f3n de tu <span style='color:#B8922A'>vida.<\/span><\/h1>\t\t\t\t<\/div>\n\t\t\t\t<div class=\"elementor-element elementor-element-5a9c562 elementor-widget elementor-widget-text-editor\" data-id=\"5a9c562\" data-element_type=\"widget\" data-e-type=\"widget\" data-widget_type=\"text-editor.default\">\n\t\t\t\t\t\t\t\t\t<p style='color:#9FE1CB;font-size:15px;line-height:1.75;'>Conocimiento accionable, una comunidad real y sistemas probados para los cinco pilares que definen qui\u00e9n eres \u2014 y qui\u00e9n puedes llegar a ser.<\/p>\t\t\t\t\t\t\t\t<\/div>\n\t\t\t\t<div class=\"elementor-element elementor-element-5f7d7bd7 elementor-button-info elementor-widget elementor-widget-button\" data-id=\"5f7d7bd7\" data-element_type=\"widget\" data-e-type=\"widget\" data-widget_type=\"button.default\">\n\t\t\t\t\t\t\t\t\t\t<a class=\"elementor-button elementor-button-link elementor-size-sm\" href=\"#\">\n\t\t\t\t\t\t<span class=\"elementor-button-content-wrapper\">\n\t\t\t\t\t\t\t\t\t<span class=\"elementor-button-text\">Explora el contenido<\/span>\n\t\t\t\t\t<\/span>\n\t\t\t\t\t<\/a>\n\t\t\t\t\t\t\t\t<\/div>\n\t\t\t\t\t<\/div>\n\t\t<\/div>\n\t\t\t\t<div class=\"elementor-column elementor-col-40 elementor-top-column elementor-element elementor-element-32951917\" data-id=\"32951917\" data-element_type=\"column\" data-e-type=\"column\">\n\t\t\t<div class=\"elementor-widget-wrap elementor-element-populated\">\n\t\t\t\t\t\t<div class=\"elementor-element elementor-element-2562081c elementor-widget elementor-widget-image\" data-id=\"2562081c\" data-element_type=\"widget\" data-e-type=\"widget\" data-widget_type=\"image.default\">\n\t\t\t\t\t\t\t\t\t\t\t\t\t\t\t<img decoding=\"async\" src=\"https:\/\/master4life.pro\/wp-content\/uploads\/elementor\/thumbs\/a-professional-horizontal-logo-design-fe_ZZEHOuRnTH2_Psv6n0ZABg_nGxu51pRTm2pbKgtYD-gGg-rm0yjs5decalpcm3qdflrtl9olu2a1c0ihtb9a4b80.jpeg\" title=\"a-professional-horizontal-logo-design-fe_ZZEHOuRnTH2_Psv6n0ZABg_nGxu51pRTm2pbKgtYD-gGg\" alt=\"a-professional-horizontal-logo-design-fe_ZZEHOuRnTH2_Psv6n0ZABg_nGxu51pRTm2pbKgtYD-gGg\" loading=\"lazy\" \/>\t\t\t\t\t\t\t\t\t\t\t\t\t\t\t<\/div>\n\t\t\t\t\t<\/div>\n\t\t<\/div>\n\t\t\t\t\t<\/div>\n\t\t<\/section>\n\t\t\t\t<section class=\"elementor-section elementor-top-section elementor-element elementor-element-17f64cf2 elementor-section-boxed elementor-section-height-default elementor-section-height-default\" data-id=\"17f64cf2\" data-element_type=\"section\" data-e-type=\"section\" data-settings=\"{&quot;background_background&quot;:&quot;classic&quot;}\">\n\t\t\t\t\t\t<div class=\"elementor-container elementor-column-gap-default\">\n\t\t\t\t\t<div class=\"elementor-column elementor-col-100 elementor-top-column elementor-element elementor-element-13fbc130\" data-id=\"13fbc130\" data-element_type=\"column\" data-e-type=\"column\">\n\t\t\t<div class=\"elementor-widget-wrap elementor-element-populated\">\n\t\t\t\t\t\t<div class=\"elementor-element elementor-element-63f76091 elementor-widget elementor-widget-text-editor\" data-id=\"63f76091\" data-element_type=\"widget\" data-e-type=\"widget\" data-widget_type=\"text-editor.default\">\n\t\t\t\t\t\t\t\t\t<div style='display:flex;justify-content:center;gap:32px;padding:14px 0;flex-wrap:wrap;'><span style='font-size:10px;font-weight:700;color:#1D6B3E;letter-spacing:1.5px;'>\u25cf NEGOCIOS<\/span><span style='font-size:10px;font-weight:700;color:#EF9F27;letter-spacing:1.5px;'>\u25cf SALUD &amp; WELLNESS<\/span><span style='font-size:10px;font-weight:700;color:#534AB7;letter-spacing:1.5px;'>\u25cf ESPIRITUALIDAD<\/span><span style='font-size:10px;font-weight:700;color:#D4537E;letter-spacing:1.5px;'>\u25cf RELACIONES Y FAMILIA<\/span><span style='font-size:10px;font-weight:700;color:#639922;letter-spacing:1.5px;'>\u25cf ESTILO DE VIDA<\/span><\/div>\t\t\t\t\t\t\t\t<\/div>\n\t\t\t\t\t<\/div>\n\t\t<\/div>\n\t\t\t\t\t<\/div>\n\t\t<\/section>\n\t\t\t\t<section class=\"elementor-section elementor-top-section elementor-element elementor-element-51f4f079 elementor-section-boxed elementor-section-height-default elementor-section-height-default\" data-id=\"51f4f079\" data-element_type=\"section\" data-e-type=\"section\" data-settings=\"{&quot;background_background&quot;:&quot;classic&quot;}\">\n\t\t\t\t\t\t<div class=\"elementor-container elementor-column-gap-default\">\n\t\t\t\t\t<div class=\"elementor-column elementor-col-100 elementor-top-column elementor-element elementor-element-26b0f10d\" data-id=\"26b0f10d\" data-element_type=\"column\" data-e-type=\"column\">\n\t\t\t<div class=\"elementor-widget-wrap elementor-element-populated\">\n\t\t\t\t\t\t<div class=\"elementor-element elementor-element-2932e219 elementor-widget elementor-widget-heading\" data-id=\"2932e219\" data-element_type=\"widget\" data-e-type=\"widget\" data-widget_type=\"heading.default\">\n\t\t\t\t\t<h6 class=\"elementor-heading-title elementor-size-default\">EXPLORA EL CONTENIDO<\/h6>\t\t\t\t<\/div>\n\t\t\t\t<div class=\"elementor-element elementor-element-19083917 elementor-widget elementor-widget-heading\" data-id=\"19083917\" data-element_type=\"widget\" data-e-type=\"widget\" data-widget_type=\"heading.default\">\n\t\t\t\t\t<h2 class=\"elementor-heading-title elementor-size-default\">Los cinco pilares de una vida completa<\/h2>\t\t\t\t<\/div>\n\t\t\t\t<div class=\"elementor-element elementor-element-794f3137 elementor-widget elementor-widget-text-editor\" data-id=\"794f3137\" data-element_type=\"widget\" data-e-type=\"widget\" data-widget_type=\"text-editor.default\">\n\t\t\t\t\t\t\t\t\t<p style=\"text-align: center; color: #888780; font-size: 14px; line-height: 1.7; max-width: 480px; margin: 0 auto 40px;\"><strong>Cada pilar contiene recursos, aprendizaje, m\u00e9todos y consejos junto a una vibrante comunidad - Todo bajo Master4Life<\/strong><\/p>\t\t\t\t\t\t\t\t<\/div>\n\t\t\t\t<div class=\"elementor-element elementor-element-73e443ba elementor-widget-divider--view-line elementor-widget elementor-widget-divider\" data-id=\"73e443ba\" data-element_type=\"widget\" data-e-type=\"widget\" data-widget_type=\"divider.default\">\n\t\t\t\t\t\t\t<div class=\"elementor-divider\">\n\t\t\t<span class=\"elementor-divider-separator\">\n\t\t\t\t\t\t<\/span>\n\t\t<\/div>\n\t\t\t\t\t\t<\/div>\n\t\t\t\t<div class=\"elementor-element elementor-element-600d0076 elementor-widget elementor-widget-html\" data-id=\"600d0076\" data-element_type=\"widget\" data-e-type=\"widget\" data-widget_type=\"html.default\">\n\t\t\t\t\t<div style='display:grid;grid-template-columns:repeat(5,1fr);gap:14px;'><div style='border-radius:14px;overflow:hidden;border:0.5px solid #E8E6E0;'><img src='https:\/\/images.unsplash.com\/photo-1560472354-b33ff0c44a43?w=400&q=85&fit=crop' style='width:100%;height:160px;object-fit:cover;display:block;'\/><div style='height:4px;background:#1D6B3E;'><\/div><div style='padding:14px 12px;'><div style='font-size:9px;font-weight:700;color:#B8922A;letter-spacing:2px;margin-bottom:5px;'>01 \u00b7 NEGOCIOS<\/div><div style='font-family:Georgia,serif;font-size:14px;font-weight:700;color:#1A1A18;margin-bottom:5px;'>Libertad Financiera<\/div><div style='font-size:10px;color:#888780;line-height:1.5;'>Desarrolla estrategias que te permitan generar ingresos digitales, con herramientas de IA construye sistemas que te permitir\u00e1n alcanzar la libertad financiera<\/div><\/div><\/div><div style='border-radius:14px;overflow:hidden;border:0.5px solid #E8E6E0;'><img src='https:\/\/images.unsplash.com\/photo-1545205597-3d9d02c29597?w=400&q=85&fit=crop' style='width:100%;height:160px;object-fit:cover;display:block;'\/><div style='height:4px;background:#EF9F27;'><\/div><div style='padding:14px 12px;'><div style='font-size:9px;font-weight:700;color:#B8922A;letter-spacing:2px;margin-bottom:5px;'>02 \u00b7 SALUD &amp; WELLNESS<\/div><div style='font-family:Georgia,serif;font-size:14px;font-weight:700;color:#1A1A18;margin-bottom:5px;'>Cuerpo &amp; Vitalidad<\/div><div style='font-size:10px;color:#888780;line-height:1.5;'>Nutrici\u00f3n, rutinas de ejercicios y  h\u00e1bitos saludables que te brindaran mayor energ\u00eda y vitalidad<\/div><\/div><\/div><div style='border-radius:14px;overflow:hidden;border:0.5px solid #E8E6E0;'><img src='https:\/\/images.unsplash.com\/photo-1499209974431-9dddcece7f88?w=400&q=85&fit=crop' style='width:100%;height:160px;object-fit:cover;display:block;'\/><div style='height:4px;background:#534AB7;'><\/div><div style='padding:14px 12px;'><div style='font-size:9px;font-weight:700;color:#B8922A;letter-spacing:2px;margin-bottom:5px;'>03 \u00b7 ESPIRITUALIDAD<\/div><div style='font-family:Georgia,serif;font-size:14px;font-weight:700;color:#1A1A18;margin-bottom:5px;'>Mente &amp; Prop\u00f3sito<\/div><div style='font-size:10px;color:#888780;line-height:1.5;'>Mentalidad, meditaci\u00f3n y reforzar tu esp\u00edritualidad desde tus creencias para movilizar tu vida y tu entorno.<\/div><\/div><\/div><div style='border-radius:14px;overflow:hidden;border:0.5px solid #E8E6E0;'><img src='https:\/\/images.unsplash.com\/photo-1609220136736-443140cffec6?w=400&q=85&fit=crop' style='width:100%;height:160px;object-fit:cover;display:block;'\/><div style='height:4px;background:#D4537E;'><\/div><div style='padding:14px 12px;'><div style='font-size:9px;font-weight:700;color:#B8922A;letter-spacing:2px;margin-bottom:5px;'>04 \u00b7 FAMILIA<\/div><div style='font-family:Georgia,serif;font-size:14px;font-weight:700;color:#1A1A18;margin-bottom:5px;'>Amor y Conexi\u00f3n<\/div><div style='font-size:10px;color:#888780;line-height:1.5;'>Relaciones, crianza y la construcci\u00f3n de un hogar al que vale la pena volver.<\/div><\/div><\/div><div style='border-radius:14px;overflow:hidden;border:0.5px solid #E8E6E0;'><img src='https:\/\/images.unsplash.com\/photo-1511988617509-a57c8a288659?w=400&q=85&fit=crop' style='width:100%;height:160px;object-fit:cover;display:block;'\/><div style='height:4px;background:#639922;'><\/div><div style='padding:14px 12px;'><div style='font-size:9px;font-weight:700;color:#B8922A;letter-spacing:2px;margin-bottom:5px;'>05 \u00b7 ESTILO DE VIDA<\/div><div style='font-family:Georgia,serif;font-size:14px;font-weight:700;color:#1A1A18;margin-bottom:5px;'>Hobbies y momentos alegres<\/div><div style='font-size:10px;color:#888780;line-height:1.5;'>Deporte, viajes, jardiner\u00eda, lectura \u2014 las actividades que hacen que la vida valga la pena.<\/div><\/div><\/div><\/div>\t\t\t\t<\/div>\n\t\t\t\t\t<\/div>\n\t\t<\/div>\n\t\t\t\t\t<\/div>\n\t\t<\/section>\n\t\t\t\t<section class=\"elementor-section elementor-top-section elementor-element elementor-element-1cd6b97a elementor-section-boxed elementor-section-height-default elementor-section-height-default\" data-id=\"1cd6b97a\" data-element_type=\"section\" data-e-type=\"section\" data-settings=\"{&quot;background_background&quot;:&quot;classic&quot;}\">\n\t\t\t\t\t\t<div class=\"elementor-container elementor-column-gap-default\">\n\t\t\t\t\t<div class=\"elementor-column elementor-col-100 elementor-top-column elementor-element elementor-element-526ea79c\" data-id=\"526ea79c\" data-element_type=\"column\" data-e-type=\"column\">\n\t\t\t<div class=\"elementor-widget-wrap elementor-element-populated\">\n\t\t\t\t\t\t<div class=\"elementor-element elementor-element-24f95439 elementor-widget elementor-widget-heading\" data-id=\"24f95439\" data-element_type=\"widget\" data-e-type=\"widget\" data-widget_type=\"heading.default\">\n\t\t\t\t\t<h6 class=\"elementor-heading-title elementor-size-default\">EN QUE CREEMOS<\/h6>\t\t\t\t<\/div>\n\t\t\t\t<div class=\"elementor-element elementor-element-487c9f08 elementor-widget elementor-widget-heading\" data-id=\"487c9f08\" data-element_type=\"widget\" data-e-type=\"widget\" data-widget_type=\"heading.default\">\n\t\t\t\t\t<h2 class=\"elementor-heading-title elementor-size-default\">Una vida plena  no se construye dominando <em style='color:#B8922A;font-style:normal'>un elemento.<\/em> Se construye creciendo y aprendiendo a trav\u00e9s <em style='color:#B8922A;font-style:normal'>de todo lo que es parte de tu vida<\/em><\/h2>\t\t\t\t<\/div>\n\t\t\t\t<div class=\"elementor-element elementor-element-13a2e626 elementor-widget elementor-widget-html\" data-id=\"13a2e626\" data-element_type=\"widget\" data-e-type=\"widget\" data-widget_type=\"html.default\">\n\t\t\t\t\t<div style='display:grid;grid-template-columns:repeat(2,1fr);gap:16px;max-width:660px;margin:32px auto 0;'><div style='background:#202020;border-radius:10px;padding:20px;border-left:3px solid #B8922A;'><div style='font-family:Georgia,serif;font-size:14px;color:#F5F4F0;margin-bottom:6px;font-weight:700;'>Conocimiento practico que funciona<\/div><div style='font-size:12px;color:#888780;line-height:1.6;'>Sistemas funcionales que aplicas esta semana \u2014 no teor\u00eda que olvidas el lunes.<\/div><\/div><div style='background:#202020;border-radius:10px;padding:20px;border-left:3px solid #B8922A;'><div style='font-family:Georgia,serif;font-size:14px;color:#F5F4F0;margin-bottom:6px;font-weight:700;'>Una verdadera comunidad<\/div><div style='font-size:12px;color:#888780;line-height:1.6;'>Personas construyendo vidas reales en cada pilar \u2014 no solo una secci\u00f3n de comentarios.<\/div><\/div><div style='background:#202020;border-radius:10px;padding:20px;border-left:3px solid #B8922A;'><div style='font-family:Georgia,serif;font-size:14px;color:#F5F4F0;margin-bottom:6px;font-weight:700;'>Sin gurus ni exageraciones<\/div><div style='font-size:12px;color:#888780;line-height:1.6;'>La marca no tiene rostro. El conocimiento habla por s\u00ed solo. Los resultados prueban el resto<\/div><\/div><div style='background:#202020;border-radius:10px;padding:20px;border-left:3px solid #B8922A;'><div style='font-family:Georgia,serif;font-size:14px;color:#F5F4F0;margin-bottom:6px;font-weight:700;'>Construido por personas, para personas<\/div><div style='font-size:12px;color:#888780;line-height:1.6;'>Profesionales, padres, emprendedores \u2014 personas con una vida plena ya en marcha que luchan d\u00eda a d\u00eda.<\/div><\/div><\/div>\t\t\t\t<\/div>\n\t\t\t\t\t<\/div>\n\t\t<\/div>\n\t\t\t\t\t<\/div>\n\t\t<\/section>\n\t\t\t\t<section class=\"elementor-section elementor-top-section elementor-element elementor-element-284229bd elementor-section-boxed elementor-section-height-default elementor-section-height-default\" data-id=\"284229bd\" data-element_type=\"section\" data-e-type=\"section\" data-settings=\"{&quot;background_background&quot;:&quot;classic&quot;}\">\n\t\t\t\t\t\t<div class=\"elementor-container elementor-column-gap-default\">\n\t\t\t\t\t<div class=\"elementor-column elementor-col-100 elementor-top-column elementor-element elementor-element-693cf0a\" data-id=\"693cf0a\" data-element_type=\"column\" data-e-type=\"column\">\n\t\t\t<div class=\"elementor-widget-wrap elementor-element-populated\">\n\t\t\t\t\t\t<div class=\"elementor-element elementor-element-6d29cc0e elementor-widget elementor-widget-heading\" data-id=\"6d29cc0e\" data-element_type=\"widget\" data-e-type=\"widget\" data-widget_type=\"heading.default\">\n\t\t\t\t\t<h6 class=\"elementor-heading-title elementor-size-default\">COMO FUNCIONA<\/h6>\t\t\t\t<\/div>\n\t\t\t\t<div class=\"elementor-element elementor-element-107907be elementor-widget elementor-widget-heading\" data-id=\"107907be\" data-element_type=\"widget\" data-e-type=\"widget\" data-widget_type=\"heading.default\">\n\t\t\t\t\t<h2 class=\"elementor-heading-title elementor-size-default\">Aprende. Aplica &amp; Ejecuta. Crece<\/h2>\t\t\t\t<\/div>\n\t\t\t\t<div class=\"elementor-element elementor-element-274413ad elementor-widget elementor-widget-text-editor\" data-id=\"274413ad\" data-element_type=\"widget\" data-e-type=\"widget\" data-widget_type=\"text-editor.default\">\n\t\t\t\t\t\t\t\t\t<p style=\"text-align: center; color: #888780; font-size: 14px; line-height: 1.7; max-width: 480px; margin: 0 auto;\"><strong>Cada uno de los pilares sigue el mismo modelo probado de conocimiento, comunidad y acci\u00f3n.<\/strong><\/p>\t\t\t\t\t\t\t\t<\/div>\n\t\t\t\t<div class=\"elementor-element elementor-element-38ca3296 elementor-widget-divider--view-line elementor-widget elementor-widget-divider\" data-id=\"38ca3296\" data-element_type=\"widget\" data-e-type=\"widget\" data-widget_type=\"divider.default\">\n\t\t\t\t\t\t\t<div class=\"elementor-divider\">\n\t\t\t<span class=\"elementor-divider-separator\">\n\t\t\t\t\t\t<\/span>\n\t\t<\/div>\n\t\t\t\t\t\t<\/div>\n\t\t\t\t<div class=\"elementor-element elementor-element-96020c8 elementor-widget elementor-widget-html\" data-id=\"96020c8\" data-element_type=\"widget\" data-e-type=\"widget\" data-widget_type=\"html.default\">\n\t\t\t\t\t<div style='display:grid;grid-template-columns:repeat(3,1fr);gap:18px;'><div style='background:#fff;border-radius:14px;overflow:hidden;border:0.5px solid #E8E6E0;'><img src='https:\/\/images.unsplash.com\/photo-1456513080510-7bf3a84b82f8?w=500&q=85&fit=crop' style='width:100%;height:175px;object-fit:cover;display:block;'\/><div style='padding:20px;'><div style='font-size:9px;font-weight:700;color:#B8922A;letter-spacing:2px;margin-bottom:7px;'>PASO 01<\/div><div style='font-family:Georgia,serif;font-size:16px;font-weight:700;color:#1A1A18;margin-bottom:7px;'>Escoje tu pilar<\/div><div style='font-size:12px;color:#888780;line-height:1.6;'>Empieza donde sientas que tienes mayores retos por delante - cada pilar tiene recursos focalizados que te ayudar\u00e1n.<\/div><\/div><\/div><div style='background:#fff;border-radius:14px;overflow:hidden;border:0.5px solid #E8E6E0;'><img src='https:\/\/images.unsplash.com\/photo-1497633762265-9d179a990aa6?w=500&q=85&fit=crop' style='width:100%;height:175px;object-fit:cover;display:block;'\/><div style='padding:20px;'><div style='font-size:9px;font-weight:700;color:#B8922A;letter-spacing:2px;margin-bottom:7px;'>PASO 02<\/div><div style='font-family:Georgia,serif;font-size:16px;font-weight:700;color:#1A1A18;margin-bottom:7px;'>Recibe Conocimiento<\/div><div style='font-size:12px;color:#888780;line-height:1.6;'>Ebook \/ Infoproductos, guias y mini cursos construidos por personas que van a la acci\u00f3n - no solo lectores y scrollers.<\/div><\/div><\/div><div style='background:#fff;border-radius:14px;overflow:hidden;border:0.5px solid #E8E6E0;'><img src='https:\/\/images.unsplash.com\/photo-1531545514256-b1400bc00f31?w=500&q=85&fit=crop' style='width:100%;height:175px;object-fit:cover;display:block;'\/><div style='padding:20px;'><div style='font-size:9px;font-weight:700;color:#B8922A;letter-spacing:2px;margin-bottom:7px;'>PASO 03<\/div><div style='font-family:Georgia,serif;font-size:16px;font-weight:700;color:#1A1A18;margin-bottom:7px;'>Acompa\u00f1amos tu Desarrollo<\/div><div style='font-size:12px;color:#888780;line-height:1.6;'>Aplica junto a personas haciendo el mismo trabajo. Comparte resultados. Expande al siguiente pilar<\/div><\/div><\/div><\/div>\t\t\t\t<\/div>\n\t\t\t\t\t<\/div>\n\t\t<\/div>\n\t\t\t\t\t<\/div>\n\t\t<\/section>\n\t\t\t\t<section class=\"elementor-section elementor-top-section elementor-element elementor-element-61a7447d elementor-section-boxed elementor-section-height-default elementor-section-height-default\" data-id=\"61a7447d\" data-element_type=\"section\" data-e-type=\"section\" data-settings=\"{&quot;background_background&quot;:&quot;classic&quot;}\">\n\t\t\t\t\t\t<div class=\"elementor-container elementor-column-gap-default\">\n\t\t\t\t\t<div class=\"elementor-column elementor-col-100 elementor-top-column elementor-element elementor-element-1408bd94\" data-id=\"1408bd94\" data-element_type=\"column\" data-e-type=\"column\">\n\t\t\t<div class=\"elementor-widget-wrap elementor-element-populated\">\n\t\t\t\t\t\t<div class=\"elementor-element elementor-element-4da8bc69 elementor-widget elementor-widget-heading\" data-id=\"4da8bc69\" data-element_type=\"widget\" data-e-type=\"widget\" data-widget_type=\"heading.default\">\n\t\t\t\t\t<h6 class=\"elementor-heading-title elementor-size-default\">UNETE A LA COMUNIDAD<\/h6>\t\t\t\t<\/div>\n\t\t\t\t<div class=\"elementor-element elementor-element-16bf2ab6 elementor-widget elementor-widget-heading\" data-id=\"16bf2ab6\" data-element_type=\"widget\" data-e-type=\"widget\" data-widget_type=\"heading.default\">\n\t\t\t\t\t<h2 class=\"elementor-heading-title elementor-size-default\">Tu transformacion empieza con una decision.<\/h2>\t\t\t\t<\/div>\n\t\t\t\t<div class=\"elementor-element elementor-element-7edbb4aa elementor-widget elementor-widget-text-editor\" data-id=\"7edbb4aa\" data-element_type=\"widget\" data-e-type=\"widget\" data-widget_type=\"text-editor.default\">\n\t\t\t\t\t\t\t\t\t<p style='text-align:center;color:#9FE1CB;font-size:15px;line-height:1.7;max-width:460px;margin:0 auto 32px;'>Explora el pilar que m\u00e1s te importa en este momento. El resto vendr\u00e1 solo.<\/p>\t\t\t\t\t\t\t\t<\/div>\n\t\t\t\t<div class=\"elementor-element elementor-element-32a7cfce elementor-widget elementor-widget-html\" data-id=\"32a7cfce\" data-element_type=\"widget\" data-e-type=\"widget\" data-widget_type=\"html.default\">\n\t\t\t\t\t<div style='max-width:400px;margin:0 auto;'><div style='display:flex;'><input type='email' placeholder='your@email.com' style='flex:1;padding:14px 16px;font-size:14px;border:none;border-radius:6px 0 0 6px;background:#F5F4F0;color:#1A1A18;outline:none;'\/><button style='background:#B8922A;color:#F5F4F0;font-size:13px;font-weight:700;padding:14px 22px;border:none;border-radius:0 6px 6px 0;cursor:pointer;'>Mantente al d\u00eda<\/button><\/div><p style='text-align:center;font-size:11px;color:#5DCAA5;margin-top:10px;'>No spam. Unsubscribe anytime.<\/p><\/div>\t\t\t\t<\/div>\n\t\t\t\t\t<\/div>\n\t\t<\/div>\n\t\t\t\t\t<\/div>\n\t\t<\/section>\n\t\t\t\t<\/div>","protected":false},"excerpt":{"rendered":"<p>THE GLOBAL LIFE MASTERY HUB Master every dimension of your life. Actionable knowledge, a real community, and proven systems for the five pillars that define who you are \u2014 and who you can become. Explore the Hub &#9679; BUSINESS&#9679; HEALTH&#9679; SPIRIT&#9679; FAMILY&#9679; LIFESTYLE WHAT WE COVER Five pillars. One complete life. Each pillar has its [&hellip;]<\/p>\n","protected":false},"author":1,"featured_media":0,"parent":0,"menu_order":0,"comment_status":"closed","ping_status":"closed","template":"elementor_canvas","meta":{"footnotes":""},"class_list":["post-7","page","type-page","status-publish","hentry"],"_links":{"self":[{"href":"https:\/\/master4life.pro\/es\/wp-json\/wp\/v2\/pages\/7","targetHints":{"allow":["GET"]}}],"collection":[{"href":"https:\/\/master4life.pro\/es\/wp-json\/wp\/v2\/pages"}],"about":[{"href":"https:\/\/master4life.pro\/es\/wp-json\/wp\/v2\/types\/page"}],"author":[{"embeddable":true,"href":"https:\/\/master4life.pro\/es\/wp-json\/wp\/v2\/users\/1"}],"replies":[{"embeddable":true,"href":"https:\/\/master4life.pro\/es\/wp-json\/wp\/v2\/comments?post=7"}],"version-history":[{"count":19,"href":"https:\/\/master4life.pro\/es\/wp-json\/wp\/v2\/pages\/7\/revisions"}],"predecessor-version":[{"id":32,"href":"https:\/\/master4life.pro\/es\/wp-json\/wp\/v2\/pages\/7\/revisions\/32"}],"wp:attachment":[{"href":"https:\/\/master4life.pro\/es\/wp-json\/wp\/v2\/media?parent=7"}],"curies":[{"name":"wp","href":"https:\/\/api.w.org\/{rel}","templated":true}]}}